{"id":183,"date":"2022-10-25T22:33:17","date_gmt":"2022-10-25T22:33:17","guid":{"rendered":"http:\/\/jeandanyjoachim.com\/?page_id=183"},"modified":"2023-03-07T04:22:21","modified_gmt":"2023-03-07T04:22:21","slug":"kreyol","status":"publish","type":"page","link":"http:\/\/jeandanyjoachim.com\/?page_id=183","title":{"rendered":"Krey\u00f2l"},"content":{"rendered":"\n<p><br><strong>Anfouraye<\/strong><br><br>La a wi ! <br>men ki b\u00f2 mwen te mete kle a<br>anba w\u00f2ch sa a, la a<br>d\u00e8y\u00e8 pye kanp\u00e8ch la<br>se la a menm, mwen leve w\u00f2ch la,<br>m&#8217;grate t\u00e8 a, enpi  mwen mete kle a<br>m&#8217;s\u00e8ten se la a menm<\/p>\n\n\n\n<p>Kounye a, yon moun ki pa konnen <br>ka konprann m&#8217;ap pedi t\u00e8t mwen<br>e poutan, se la a wi mwen mete&#8217;l<br>sof si se ta yon ti kras pi lwen<br>kite&#8217;m chache pi lwen<\/p>\n\n\n\n<p>Si se pat sitiyasyon yo <br>m&#8217;ta gen tan rive la a depi dik dantan vin chache kle a<br>men se domaj, barikad trib\u00f2 bab\u00f2<br>tout wout bloke, w\u00f2ch ap voye, tout chen anraje<\/p>\n\n\n\n<p>L\u00f2&#8217;m resi jwenn kle sa a, pou&#8217;m pote&#8217;l ale, <br>m konn tout bagay pral regle<br>wi, f\u00f2k tout bagay fini pa regle pou yon fwa<br>nou pa ta ka s\u00e8l ras k&#8217;ap trennen san repi<\/p>\n\n\n\n<p>Pou di ya kw\u00e8 ? <br>e si yo pa ta kw\u00e8&#8217;m ? <br>antouka, y&#8217;a demele g\u00e8t yo <br>yo pral w\u00e8 kle a nan plamenm.<br><br><strong>Lapaw\u00f2l <\/strong>\/  Jean Dany Joachim<\/p>\n\n\n\n<p><\/p>\n\n\n\n<p><br><br><\/p>\n\n\n\n<p><\/p>\n","protected":false},"excerpt":{"rendered":"<p>Anfouraye La a wi ! men ki b\u00f2 mwen te mete kle aanba w\u00f2ch sa a, la ad\u00e8y\u00e8 pye kanp\u00e8ch lase la a menm, mwen leve w\u00f2ch la,m&#8217;grate t\u00e8 a, enpi mwen mete kle am&#8217;s\u00e8ten se la a menm Kounye a, yon moun ki pa konnen ka konprann m&#8217;ap pedi t\u00e8t mwene poutan, se la [&hellip;]<\/p>\n","protected":false},"author":1,"featured_media":0,"parent":0,"menu_order":0,"comment_status":"closed","ping_status":"closed","template":"","meta":[],"_links":{"self":[{"href":"http:\/\/jeandanyjoachim.com\/index.php?rest_route=\/wp\/v2\/pages\/183"}],"collection":[{"href":"http:\/\/jeandanyjoachim.com\/index.php?rest_route=\/wp\/v2\/pages"}],"about":[{"href":"http:\/\/jeandanyjoachim.com\/index.php?rest_route=\/wp\/v2\/types\/page"}],"author":[{"embeddable":true,"href":"http:\/\/jeandanyjoachim.com\/index.php?rest_route=\/wp\/v2\/users\/1"}],"replies":[{"embeddable":true,"href":"http:\/\/jeandanyjoachim.com\/index.php?rest_route=%2Fwp%2Fv2%2Fcomments&post=183"}],"version-history":[{"count":5,"href":"http:\/\/jeandanyjoachim.com\/index.php?rest_route=\/wp\/v2\/pages\/183\/revisions"}],"predecessor-version":[{"id":197,"href":"http:\/\/jeandanyjoachim.com\/index.php?rest_route=\/wp\/v2\/pages\/183\/revisions\/197"}],"wp:attachment":[{"href":"http:\/\/jeandanyjoachim.com\/index.php?rest_route=%2Fwp%2Fv2%2Fmedia&parent=183"}],"curies":[{"name":"wp","href":"https:\/\/api.w.org\/{rel}","templated":true}]}}